{"id":2,"date":"2016-02-27T20:30:09","date_gmt":"2016-02-27T18:30:09","guid":{"rendered":"http:\/\/95.173.190.136\/~ulukisla\/?page_id=2"},"modified":"2017-02-10T20:19:15","modified_gmt":"2017-02-10T18:19:15","slug":"anasayfa","status":"publish","type":"page","link":"https:\/\/ulukislaotokurtarma.net\/","title":{"rendered":"Anasayfa"},"content":{"rendered":"<div id=\"pl-2\"  class=\"panel-layout\" ><div id=\"pg-2-0\"  class=\"panel-grid panel-no-style\" ><div id=\"pgc-2-0-0\"  class=\"panel-grid-cell\" ><div id=\"panel-2-0-0-0\" class=\"so-panel widget widget_sow-image panel-first-child\" data-index=\"0\" ><div class=\"so-widget-sow-image so-widget-sow-image-default-d6014b76747a\">\n\n<div class=\"sow-image-container\">\n\t<img src=\"https:\/\/ulukislaotokurtarma.net\/wp-content\/uploads\/2016\/02\/mountain-1024x405.jpg\" width=\"1024\" height=\"362\" srcset=\"https:\/\/ulukislaotokurtarma.net\/wp-content\/uploads\/2016\/02\/mountain-1024x405.jpg 1024w, https:\/\/ulukislaotokurtarma.net\/wp-content\/uploads\/2016\/02\/mountain-1024x405-300x106.jpg 300w, https:\/\/ulukislaotokurtarma.net\/wp-content\/uploads\/2016\/02\/mountain-1024x405-768x272.jpg 768w\" sizes=\"(max-width: 1024px) 100vw, 1024px\" title=\"Uluk\u0131\u015fla oto kurtarma\" alt=\"Uluk\u0131\u015fla oto kurtarma\" \t\tclass=\"so-widget-image\"\/>\n<\/div>\n\n<\/div><\/div><div id=\"panel-2-0-0-1\" class=\"so-panel widget widget_sow-editor panel-last-child\" data-index=\"1\" ><div class=\"so-widget-sow-editor so-widget-sow-editor-base\">\n<div class=\"siteorigin-widget-tinymce textwidget\">\n\t<p>T\u00fcrkmenler Ni\u011fde Uluk\u0131\u015fla oto kurtarma Vin\u00e7 olarak 7 g\u00fcn 24 saat hizmetinizdeyiz. Uluk\u0131\u015fla Karayolu ve Otoyolu \u00fczerinde t\u00fcm kaskolu ve kaskosuz ara\u00e7lar\u0131n en yak\u0131n servis veya istedi\u011finiz \u015fehir \u00a0il\u00e7elere veya t\u00fcm T\u00fcrkiye'ye ta\u015f\u0131yoruz.<\/p>\n<p>20 Y\u0131ll\u0131k tecr\u00fcbemizle her t\u00fcr arac\u0131n \u00e7ekme kurtarma i\u015flerini yap\u0131yoruz. Bu hizmeti verirken de en uygun fiyat garantisiyle m\u00fc\u015fteri odakl\u0131 yakla\u015f\u0131mla size \u00f6zel hizmet ve fiyat verebiliyoruz.<\/p>\n<p>\u015eirketimiz 20 y\u0131ll\u0131k Tur Assist i\u015f orta\u011f\u0131 olup t\u00fcm ara\u00e7lar\u0131m\u0131z sigortal\u0131 ve kaskoludur. Emanetinizi emanetimiz bilip para kazanmaktan \u00e7ok yard\u0131m etmeyi hizmet \u00fcretmeyi hedefliyoruz.<\/p>\n<p>Arac\u0131n\u0131z\u0131n kaza veya ar\u0131za yapmas\u0131 durumunda ilk yapman\u0131z gereken i\u015fin \u00f6ncelikle kendi emniyetinizi almak daha sonra arac\u0131n\u0131z\u0131 g\u00fcvenli bir b\u00f6lgeye \u00e7ekmek oldu\u011funu hat\u0131rlatmak isteriz E\u011fer bir yaralanma s\u00f6z konusu ise 2. i\u015f olarak 112 yi aramal\u0131s\u0131n\u0131z. Arac\u0131n\u0131z\u0131 g\u00fcvenli b\u00f6lgeye \u00e7ekemiyor olma durumunda acilen bizi ve g\u00fcvenlik birimlerini araman\u0131z gerekti\u011fini bildirmek isteriz. Sizin ve arac\u0131n\u0131z\u0131n can g\u00fcvenli\u011fi bizim i\u00e7in her\u015feyden daha \u00f6nemlidir.<\/p>\n<p>Yolda kalman\u0131z durumunda nelerle kar\u015f\u0131la\u015fabilece\u011finizi \u00e7ok iyi \u00a0biliyoruz ve bunun bilinciyle hareket edip en k\u0131sa s\u00fcrede yard\u0131ma geliyoruz sadece arac\u0131n\u0131z\u0131 de\u011fil sizinde emniyetli bir \u015fekilde g\u00fcvenli\u011finizi sa\u011fl\u0131yoruz.<\/p>\n<p><strong>Hizmet Verdi\u011fimiz \u0130l ve \u0130l\u00e7eler:<\/strong><\/p>\n<p>Uluk\u0131\u015fla<\/p>\n<p>Kemerhisar<\/p>\n<p>Pozant\u0131<\/p>\n<p>Ak\u00e7atekir<\/p>\n<p>\u00c7amalan<\/p>\n<p>Damlama<\/p>\n<p>Tarsus<\/p>\n<p>\u00c7amalan<\/p>\n<p>Konya Ere\u011fli<\/p>\n<p>Zengen<\/p>\n<p>\u00c7amard\u0131<\/p>\n<p>Ni\u011fde, Adana ve Mersin il ve il\u00e7elerinden arac\u0131n\u0131z al\u0131n\u0131r ve istedi\u011finiz servis veya T\u00fcm T\u00fcrkiye'ye g\u00fcvenli bir \u015fekilde \u00e7ekim i\u015fleri yap\u0131l\u0131r.<\/p>\n<p><a href=\"http:\/\/pozantiotokurtarma.com\">Pozant\u0131 oto kurtarma<\/a> ve <a href=\"http:\/\/tarsusarackurtarici.net\">Tarsus oto kurtarma<\/a> hizmetlerimiz ba\u015flam\u0131\u015f olup hizmet b\u00f6lgelerimize ve ara\u00e7lar\u0131m\u0131za her ge\u00e7en g\u00fcn yenileri eklenmektedir. \u00a0Bize a\u015fa\u011f\u0131daki numaralardan 7\/24 ula\u015fabilirsiniz.<\/p>\n<h1>0532 6082122<\/h1>\n<h1>0505 5414128<\/h1>\n<h1>0531 5166117<\/h1>\n<p><a href=\"#\" data-goto=\"next\" data-action=\"next\"><\/p>\n<p> <\/a><br \/> <a href=\"#\" data-goto=\"previous\" data-action=\"prev\"><\/p>\n<p> <\/a><\/p>\n<\/div>\n<\/div><\/div><\/div><\/div><\/div>","protected":false},"excerpt":{"rendered":"<p>T\u00fcrkmenler Ni\u011fde Uluk\u0131\u015fla oto kurtarma Vin\u00e7 olarak 7 g\u00fcn 24 saat hizmetinizdeyiz. Uluk\u0131\u015fla Karayolu ve Otoyolu \u00fczerinde t\u00fcm kaskolu ve kaskosuz ara\u00e7lar\u0131n en yak\u0131n servis veya istedi\u011finiz \u015fehir \u00a0il\u00e7elere veya t\u00fcm T\u00fcrkiye&#8217;ye ta\u015f\u0131yoruz.20 Y\u0131ll\u0131k tecr\u00fcbemizle her t\u00fcr arac\u0131n \u00e7ekme kurtarma i\u015flerini yap\u0131yoruz. Bu hizmeti verirken de en uygun fiyat garantisiyle m\u00fc\u015fteri odakl\u0131 yakla\u015f\u0131mla size \u00f6zel &hellip; <a href=\"https:\/\/ulukislaotokurtarma.net\/\" class=\"more-link\"><span class=\"screen-reader-text\">Anasayfa<\/span> yaz\u0131s\u0131na devam et <span class=\"meta-nav\">&rarr;<\/span><\/a><\/p>\n","protected":false},"author":1,"featured_media":0,"parent":0,"menu_order":0,"comment_status":"closed","ping_status":"open","template":"","meta":[],"_links":{"self":[{"href":"https:\/\/ulukislaotokurtarma.net\/index.php\/wp-json\/wp\/v2\/pages\/2"}],"collection":[{"href":"https:\/\/ulukislaotokurtarma.net\/index.php\/wp-json\/wp\/v2\/pages"}],"about":[{"href":"https:\/\/ulukislaotokurtarma.net\/index.php\/wp-json\/wp\/v2\/types\/page"}],"author":[{"embeddable":true,"href":"https:\/\/ulukislaotokurtarma.net\/index.php\/wp-json\/wp\/v2\/users\/1"}],"replies":[{"embeddable":true,"href":"https:\/\/ulukislaotokurtarma.net\/index.php\/wp-json\/wp\/v2\/comments?post=2"}],"version-history":[{"count":8,"href":"https:\/\/ulukislaotokurtarma.net\/index.php\/wp-json\/wp\/v2\/pages\/2\/revisions"}],"predecessor-version":[{"id":130,"href":"https:\/\/ulukislaotokurtarma.net\/index.php\/wp-json\/wp\/v2\/pages\/2\/revisions\/130"}],"wp:attachment":[{"href":"https:\/\/ulukislaotokurtarma.net\/index.php\/wp-json\/wp\/v2\/media?parent=2"}],"curies":[{"name":"wp","href":"https:\/\/api.w.org\/{rel}","templated":true}]}}